{"id":25,"date":"2021-09-01T18:03:26","date_gmt":"2021-09-01T16:03:26","guid":{"rendered":"http:\/\/cpc-sa.com\/?page_id=25"},"modified":"2024-09-11T15:27:55","modified_gmt":"2024-09-11T13:27:55","slug":"industries","status":"publish","type":"page","link":"https:\/\/cpc-sa.com\/en\/nos-produits\/industries\/","title":{"rendered":"Industry"},"content":{"rendered":"<div data-elementor-type=\"wp-page\" data-elementor-id=\"25\" class=\"elementor elementor-25\" data-elementor-post-type=\"page\">\n\t\t\t\t\t\t<header class=\"elementor-section elementor-top-section elementor-element elementor-element-14e59e0 elementor-section-full_width elementor-section-height-default elementor-section-height-default\" data-id=\"14e59e0\" data-element_type=\"section\" data-e-type=\"section\" data-settings=\"{&quot;background_background&quot;:&quot;classic&quot;,&quot;shape_divider_bottom&quot;:&quot;pyramids&quot;}\">\n\t\t\t\t\t\t\t<div class=\"elementor-background-overlay\"><\/div>\n\t\t\t\t\t\t<div class=\"elementor-shape elementor-shape-bottom\" aria-hidden=\"true\" data-negative=\"false\">\n\t\t\t<svg xmlns=\"http:\/\/www.w3.org\/2000\/svg\" viewbox=\"0 0 1000 100\" preserveaspectratio=\"none\">\n\t<path class=\"elementor-shape-fill\" d=\"M761.9,44.1L643.1,27.2L333.8,98L0,3.8V0l1000,0v3.9\"\/>\n<\/svg>\t\t<\/div>\n\t\t\t\t\t<div class=\"elementor-container elementor-column-gap-default\">\n\t\t\t\t\t<div class=\"elementor-column elementor-col-100 elementor-top-column elementor-element elementor-element-fd3acbd\" data-id=\"fd3acbd\" data-element_type=\"column\" data-e-type=\"column\">\n\t\t\t<div class=\"elementor-widget-wrap elementor-element-populated\">\n\t\t\t\t\t\t<div class=\"elementor-element elementor-element-34f6f9b surlignage elementor-headline--style-highlight elementor-widget elementor-widget-animated-headline\" data-id=\"34f6f9b\" data-element_type=\"widget\" data-e-type=\"widget\" data-settings=\"{&quot;marker&quot;:&quot;strikethrough&quot;,&quot;highlighted_text&quot;:&quot;Industries&quot;,&quot;highlight_animation_duration&quot;:6000,&quot;headline_style&quot;:&quot;highlight&quot;,&quot;loop&quot;:&quot;yes&quot;,&quot;highlight_iteration_delay&quot;:8000}\" data-widget_type=\"animated-headline.default\">\n\t\t\t\t<div class=\"elementor-widget-container\">\n\t\t\t\t\t\t\t<h1 class=\"elementor-headline\">\n\t\t\t\t<span class=\"elementor-headline-dynamic-wrapper elementor-headline-text-wrapper\">\n\t\t\t\t\t<span class=\"elementor-headline-dynamic-text elementor-headline-text-active\">Industry<\/span>\n\t\t\t\t<\/span>\n\t\t\t\t<\/h1>\n\t\t\t\t\t\t<\/div>\n\t\t\t\t<\/div>\n\t\t\t\t\t<\/div>\n\t\t<\/div>\n\t\t\t\t\t<\/div>\n\t\t<\/header>\n\t\t\t\t<section class=\"elementor-section elementor-top-section elementor-element elementor-element-d884284 elementor-section-full_width elementor-section-height-default elementor-section-height-default\" data-id=\"d884284\" data-element_type=\"section\" data-e-type=\"section\" data-settings=\"{&quot;background_background&quot;:&quot;classic&quot;}\">\n\t\t\t\t\t\t<div class=\"elementor-container elementor-column-gap-wider\">\n\t\t\t\t\t<div class=\"elementor-column elementor-col-50 elementor-top-column elementor-element elementor-element-7c996b5\" data-id=\"7c996b5\" data-element_type=\"column\" data-e-type=\"column\">\n\t\t\t<div class=\"elementor-widget-wrap elementor-element-populated\">\n\t\t\t\t\t\t<div class=\"elementor-element elementor-element-8e9c2e5 elementor-absolute elementor-invisible elementor-widget elementor-widget-image\" data-id=\"8e9c2e5\" data-element_type=\"widget\" data-e-type=\"widget\" data-settings=\"{&quot;_position&quot;:&quot;absolute&quot;,&quot;_animation&quot;:&quot;fadeInLeft&quot;,&quot;_animation_delay&quot;:400,&quot;_animation_mobile&quot;:&quot;none&quot;}\" data-widget_type=\"image.default\">\n\t\t\t\t<div class=\"elementor-widget-container\">\n\t\t\t\t\t\t\t\t\t\t\t\t\t\t\t<img decoding=\"async\" src=\"https:\/\/cpc-sa.com\/wp-content\/uploads\/elementor\/thumbs\/CPC-Industrie-03-530-400-pduamasljq7z1k23zyt8qotfrls4s3h3jp6fy4118o.png\" title=\"L&rsquo;industrie avec CPC (image vue \u00e9largie)\" alt=\"L&#039;industrie avec CPC (image vue \u00e9largie)\" loading=\"lazy\" \/>\t\t\t\t\t\t\t\t\t\t\t\t\t\t\t<\/div>\n\t\t\t\t<\/div>\n\t\t\t\t<div class=\"elementor-element elementor-element-6d639b3 elementor-invisible elementor-widget elementor-widget-image\" data-id=\"6d639b3\" data-element_type=\"widget\" data-e-type=\"widget\" data-settings=\"{&quot;_animation&quot;:&quot;fadeIn&quot;,&quot;_animation_delay&quot;:100}\" data-widget_type=\"image.default\">\n\t\t\t\t<div class=\"elementor-widget-container\">\n\t\t\t\t\t\t\t\t\t\t\t\t\t\t\t<img fetchpriority=\"high\" decoding=\"async\" width=\"530\" height=\"400\" src=\"https:\/\/cpc-sa.com\/wp-content\/uploads\/2021\/09\/CPC-Industrie-02-530-400.png\" class=\"attachment-large size-large wp-image-794\" alt=\"L&#039;industrie avec CPC (image industrie)\" srcset=\"https:\/\/cpc-sa.com\/wp-content\/uploads\/2021\/09\/CPC-Industrie-02-530-400.png 530w, https:\/\/cpc-sa.com\/wp-content\/uploads\/2021\/09\/CPC-Industrie-02-530-400-300x226.png 300w, https:\/\/cpc-sa.com\/wp-content\/uploads\/2021\/09\/CPC-Industrie-02-530-400-16x12.png 16w\" sizes=\"(max-width: 530px) 100vw, 530px\" \/>\t\t\t\t\t\t\t\t\t\t\t\t\t\t\t<\/div>\n\t\t\t\t<\/div>\n\t\t\t\t\t<\/div>\n\t\t<\/div>\n\t\t\t\t<div class=\"elementor-column elementor-col-50 elementor-top-column elementor-element elementor-element-de6fcc7\" data-id=\"de6fcc7\" data-element_type=\"column\" data-e-type=\"column\">\n\t\t\t<div class=\"elementor-widget-wrap elementor-element-populated\">\n\t\t\t\t\t\t<div class=\"elementor-element elementor-element-3de1972 elementor-widget elementor-widget-text-editor\" data-id=\"3de1972\" data-element_type=\"widget\" data-e-type=\"widget\" data-widget_type=\"text-editor.default\">\n\t\t\t\t<div class=\"elementor-widget-container\">\n\t\t\t\t\t\t\t\t\t<p>Including the glass industry, paper mills, food industry and pharmaceutical industry, there are many industrial processes that use lime or calcium carbonate.\u00a0<\/p>\t\t\t\t\t\t\t\t<\/div>\n\t\t\t\t<\/div>\n\t\t\t\t<div class=\"elementor-element elementor-element-7798658 surlignage elementor-headline--style-highlight elementor-invisible elementor-widget elementor-widget-animated-headline\" data-id=\"7798658\" data-element_type=\"widget\" data-e-type=\"widget\" data-settings=\"{&quot;marker&quot;:&quot;strikethrough&quot;,&quot;highlighted_text&quot;:&quot; \\u00e0 vos besoins :&quot;,&quot;_animation&quot;:&quot;fadeIn&quot;,&quot;_animation_delay&quot;:200,&quot;headline_style&quot;:&quot;highlight&quot;,&quot;loop&quot;:&quot;yes&quot;,&quot;highlight_iteration_delay&quot;:8000}\" data-widget_type=\"animated-headline.default\">\n\t\t\t\t<div class=\"elementor-widget-container\">\n\t\t\t\t\t\t\t<h2 class=\"elementor-headline\">\n\t\t\t\t\t<span class=\"elementor-headline-plain-text elementor-headline-text-wrapper\">CPC offers adapted solutions<\/span>\n\t\t\t\t<span class=\"elementor-headline-dynamic-wrapper elementor-headline-text-wrapper\">\n\t\t\t\t\t<span class=\"elementor-headline-dynamic-text elementor-headline-text-active\"> to meet your needs:<\/span>\n\t\t\t\t<\/span>\n\t\t\t\t<\/h2>\n\t\t\t\t\t\t<\/div>\n\t\t\t\t<\/div>\n\t\t\t\t<div class=\"elementor-element elementor-element-03f7c09 elementor-icon-list--layout-traditional elementor-list-item-link-full_width elementor-widget elementor-widget-icon-list\" data-id=\"03f7c09\" data-element_type=\"widget\" data-e-type=\"widget\" data-widget_type=\"icon-list.default\">\n\t\t\t\t<div class=\"elementor-widget-container\">\n\t\t\t\t\t\t\t<ul class=\"elementor-icon-list-items\">\n\t\t\t\t\t\t\t<li class=\"elementor-icon-list-item\">\n\t\t\t\t\t\t\t\t\t\t\t<span class=\"elementor-icon-list-icon\">\n\t\t\t\t\t\t\t<i aria-hidden=\"true\" class=\"fas fa-angle-right\"><\/i>\t\t\t\t\t\t<\/span>\n\t\t\t\t\t\t\t\t\t\t<span class=\"elementor-icon-list-text\">Quicklime<\/span>\n\t\t\t\t\t\t\t\t\t<\/li>\n\t\t\t\t\t\t\t\t<li class=\"elementor-icon-list-item\">\n\t\t\t\t\t\t\t\t\t\t\t<span class=\"elementor-icon-list-icon\">\n\t\t\t\t\t\t\t<i aria-hidden=\"true\" class=\"fas fa-angle-right\"><\/i>\t\t\t\t\t\t<\/span>\n\t\t\t\t\t\t\t\t\t\t<span class=\"elementor-icon-list-text\">Hydrated lime<\/span>\n\t\t\t\t\t\t\t\t\t<\/li>\n\t\t\t\t\t\t\t\t<li class=\"elementor-icon-list-item\">\n\t\t\t\t\t\t\t\t\t\t\t<span class=\"elementor-icon-list-icon\">\n\t\t\t\t\t\t\t<i aria-hidden=\"true\" class=\"fas fa-angle-right\"><\/i>\t\t\t\t\t\t<\/span>\n\t\t\t\t\t\t\t\t\t\t<span class=\"elementor-icon-list-text\">Lime slurry<\/span>\n\t\t\t\t\t\t\t\t\t<\/li>\n\t\t\t\t\t\t\t\t<li class=\"elementor-icon-list-item\">\n\t\t\t\t\t\t\t\t\t\t\t<span class=\"elementor-icon-list-icon\">\n\t\t\t\t\t\t\t<i aria-hidden=\"true\" class=\"fas fa-angle-right\"><\/i>\t\t\t\t\t\t<\/span>\n\t\t\t\t\t\t\t\t\t\t<span class=\"elementor-icon-list-text\">Calcium carbonate<\/span>\n\t\t\t\t\t\t\t\t\t<\/li>\n\t\t\t\t\t\t\t\t<li class=\"elementor-icon-list-item\">\n\t\t\t\t\t\t\t\t\t\t\t<span class=\"elementor-icon-list-icon\">\n\t\t\t\t\t\t\t<i aria-hidden=\"true\" class=\"fas fa-angle-right\"><\/i>\t\t\t\t\t\t<\/span>\n\t\t\t\t\t\t\t\t\t\t<span class=\"elementor-icon-list-text\">Dietary calcium carbonate<\/span>\n\t\t\t\t\t\t\t\t\t<\/li>\n\t\t\t\t\t\t\t\t<li class=\"elementor-icon-list-item\">\n\t\t\t\t\t\t\t\t\t\t\t<span class=\"elementor-icon-list-icon\">\n\t\t\t\t\t\t\t<i aria-hidden=\"true\" class=\"fas fa-angle-right\"><\/i>\t\t\t\t\t\t<\/span>\n\t\t\t\t\t\t\t\t\t\t<span class=\"elementor-icon-list-text\">Pharma calcium carbonate<\/span>\n\t\t\t\t\t\t\t\t\t<\/li>\n\t\t\t\t\t\t<\/ul>\n\t\t\t\t\t\t<\/div>\n\t\t\t\t<\/div>\n\t\t\t\t\t<\/div>\n\t\t<\/div>\n\t\t\t\t\t<\/div>\n\t\t<\/section>\n\t\t\t\t<section class=\"elementor-section elementor-top-section elementor-element elementor-element-6931c87 elementor-section-full_width elementor-section-height-default elementor-section-height-default\" data-id=\"6931c87\" data-element_type=\"section\" data-e-type=\"section\" data-settings=\"{&quot;background_background&quot;:&quot;classic&quot;}\">\n\t\t\t\t\t\t<div class=\"elementor-container elementor-column-gap-wider\">\n\t\t\t\t\t<div class=\"elementor-column elementor-col-100 elementor-top-column elementor-element elementor-element-f83c58c\" data-id=\"f83c58c\" data-element_type=\"column\" data-e-type=\"column\">\n\t\t\t<div class=\"elementor-widget-wrap elementor-element-populated\">\n\t\t\t\t\t\t<div class=\"elementor-element elementor-element-3a8b775 elementor-widget elementor-widget-shortcode\" data-id=\"3a8b775\" data-element_type=\"widget\" data-e-type=\"widget\" data-widget_type=\"shortcode.default\">\n\t\t\t\t<div class=\"elementor-widget-container\">\n\t\t\t\t\t\t\t<div class=\"elementor-shortcode\">\t\t<div data-elementor-type=\"section\" data-elementor-id=\"1849\" class=\"elementor elementor-1849\" data-elementor-post-type=\"elementor_library\">\n\t\t\t\t\t<section class=\"elementor-section elementor-top-section elementor-element elementor-element-dbd26e3 elementor-section-full_width elementor-section-height-default elementor-section-height-default elementor-invisible\" data-id=\"dbd26e3\" data-element_type=\"section\" data-e-type=\"section\" data-settings=\"{&quot;background_background&quot;:&quot;classic&quot;,&quot;shape_divider_top&quot;:&quot;pyramids&quot;,&quot;animation&quot;:&quot;fadeIn&quot;}\">\n\t\t\t\t\t\t\t<div class=\"elementor-background-overlay\"><\/div>\n\t\t\t\t\t\t<div class=\"elementor-shape elementor-shape-top\" aria-hidden=\"true\" data-negative=\"false\">\n\t\t\t<svg xmlns=\"http:\/\/www.w3.org\/2000\/svg\" viewbox=\"0 0 1000 100\" preserveaspectratio=\"none\">\n\t<path class=\"elementor-shape-fill\" d=\"M761.9,44.1L643.1,27.2L333.8,98L0,3.8V0l1000,0v3.9\"\/>\n<\/svg>\t\t<\/div>\n\t\t\t\t\t<div class=\"elementor-container elementor-column-gap-default\">\n\t\t\t\t\t<div class=\"elementor-column elementor-col-100 elementor-top-column elementor-element elementor-element-c47dea5\" data-id=\"c47dea5\" data-element_type=\"column\" data-e-type=\"column\">\n\t\t\t<div class=\"elementor-widget-wrap elementor-element-populated\">\n\t\t\t\t\t\t<section class=\"elementor-section elementor-inner-section elementor-element elementor-element-df62bf8 elementor-section-full_width elementor-section-height-default elementor-section-height-default\" data-id=\"df62bf8\" data-element_type=\"section\" data-e-type=\"section\">\n\t\t\t\t\t\t<div class=\"elementor-container elementor-column-gap-default\">\n\t\t\t\t\t<div class=\"elementor-column elementor-col-33 elementor-inner-column elementor-element elementor-element-6414ecf\" data-id=\"6414ecf\" data-element_type=\"column\" data-e-type=\"column\">\n\t\t\t<div class=\"elementor-widget-wrap elementor-element-populated\">\n\t\t\t\t\t\t<div class=\"elementor-element elementor-element-e1cd24b elementor-view-default elementor-widget elementor-widget-icon\" data-id=\"e1cd24b\" data-element_type=\"widget\" data-e-type=\"widget\" data-widget_type=\"icon.default\">\n\t\t\t\t<div class=\"elementor-widget-container\">\n\t\t\t\t\t\t\t<div class=\"elementor-icon-wrapper\">\n\t\t\t<div class=\"elementor-icon\">\n\t\t\t<i aria-hidden=\"true\" class=\"far fa-file-alt\"><\/i>\t\t\t<\/div>\n\t\t<\/div>\n\t\t\t\t\t\t<\/div>\n\t\t\t\t<\/div>\n\t\t\t\t\t<\/div>\n\t\t<\/div>\n\t\t\t\t<div class=\"elementor-column elementor-col-33 elementor-inner-column elementor-element elementor-element-0563170\" data-id=\"0563170\" data-element_type=\"column\" data-e-type=\"column\">\n\t\t\t<div class=\"elementor-widget-wrap elementor-element-populated\">\n\t\t\t\t\t\t<div class=\"elementor-element elementor-element-d1c26c6 elementor-vertical-align-top elementor-widget elementor-widget-image-box\" data-id=\"d1c26c6\" data-element_type=\"widget\" data-e-type=\"widget\" data-widget_type=\"image-box.default\">\n\t\t\t\t<div class=\"elementor-widget-container\">\n\t\t\t\t\t<div class=\"elementor-image-box-wrapper\"><div class=\"elementor-image-box-content\"><p class=\"elementor-image-box-title\">Request your free quote <\/p><p class=\"elementor-image-box-description\">Let us know your request. We will send you our proposal in less than 24 hours. <\/p><\/div><\/div>\t\t\t\t<\/div>\n\t\t\t\t<\/div>\n\t\t\t\t\t<\/div>\n\t\t<\/div>\n\t\t\t\t<div class=\"elementor-column elementor-col-33 elementor-inner-column elementor-element elementor-element-74092f4\" data-id=\"74092f4\" data-element_type=\"column\" data-e-type=\"column\">\n\t\t\t<div class=\"elementor-widget-wrap elementor-element-populated\">\n\t\t\t\t\t\t<div class=\"elementor-element elementor-element-3b5cd33 elementor-align-left elementor-mobile-align-center elementor-widget elementor-widget-button\" data-id=\"3b5cd33\" data-element_type=\"widget\" data-e-type=\"widget\" data-widget_type=\"button.default\">\n\t\t\t\t<div class=\"elementor-widget-container\">\n\t\t\t\t\t\t\t\t\t<div class=\"elementor-button-wrapper\">\n\t\t\t\t\t<a class=\"elementor-button elementor-button-link elementor-size-xs elementor-animation-grow\" href=\"#elementor-action%3Aaction%3Dpopup%3Aopen%26settings%3DeyJpZCI6IjE4MjEiLCJ0b2dnbGUiOmZhbHNlfQ%3D%3D\">\n\t\t\t\t\t\t<span class=\"elementor-button-content-wrapper\">\n\t\t\t\t\t\t\t\t\t<span class=\"elementor-button-text\">I WANT TO GET A FREE QUOTE<\/span>\n\t\t\t\t\t<\/span>\n\t\t\t\t\t<\/a>\n\t\t\t\t<\/div>\n\t\t\t\t\t\t\t\t<\/div>\n\t\t\t\t<\/div>\n\t\t\t\t\t<\/div>\n\t\t<\/div>\n\t\t\t\t\t<\/div>\n\t\t<\/section>\n\t\t\t\t\t<\/div>\n\t\t<\/div>\n\t\t\t\t\t<\/div>\n\t\t<\/section>\n\t\t\t\t<\/div>\n\t\t<\/div>\n\t\t\t\t\t\t<\/div>\n\t\t\t\t<\/div>\n\t\t\t\t\t<\/div>\n\t\t<\/div>\n\t\t\t\t\t<\/div>\n\t\t<\/section>\n\t\t\t\t<\/div>","protected":false},"excerpt":{"rendered":"<p>Industries Industries du verre, papeteries, industries alimentaires, industrie pharmaceutique, nombreux sont les proc\u00e9d\u00e9s industriels qui font appel \u00e0 la chaux ou au carbonate de calcium.\u00a0 CPC vous propose des solutions adapt\u00e9es \u00e0 vos besoins : Chaux vive Chaux \u00e9teinte Lait de chaux Carbonate de calcium Carbonate de calcium alimentaire Carbonate de calcium pharma<\/p>","protected":false},"author":1,"featured_media":749,"parent":17,"menu_order":0,"comment_status":"closed","ping_status":"closed","template":"elementor_header_footer","meta":{"footnotes":""},"class_list":["post-25","page","type-page","status-publish","has-post-thumbnail","hentry"],"yoast_head":"<!-- This site is optimized with the Yoast SEO plugin v27.4 - https:\/\/yoast.com\/product\/yoast-seo-wordpress\/ -->\n<title>L&#039;industrie avec CPC - Des solutions adapt\u00e9es \u00e0 vos besoins<\/title>\n<meta name=\"description\" content=\"Industries du verre, pap\u00e8teries, alimentaires, pharmaceutique, nombreux sont ceux qui font appel \u00e0 la chaux ou au carbonate de calcium\" \/>\n<meta name=\"robots\" content=\"index, follow, max-snippet:-1, max-image-preview:large, max-video-preview:-1\" \/>\n<link rel=\"canonical\" href=\"https:\/\/cpc-sa.com\/en\/nos-produits\/industries\/\" \/>\n<meta property=\"og:locale\" content=\"en_GB\" \/>\n<meta property=\"og:type\" content=\"article\" \/>\n<meta property=\"og:title\" content=\"L&#039;industrie avec CPC - Des solutions adapt\u00e9es \u00e0 vos besoins\" \/>\n<meta property=\"og:description\" content=\"Industries du verre, pap\u00e8teries, alimentaires, pharmaceutique, nombreux sont ceux qui font appel \u00e0 la chaux ou au carbonate de calcium\" \/>\n<meta property=\"og:url\" content=\"https:\/\/cpc-sa.com\/en\/nos-produits\/industries\/\" \/>\n<meta property=\"og:site_name\" content=\"CPC\" \/>\n<meta property=\"article:modified_time\" content=\"2024-09-11T13:27:55+00:00\" \/>\n<meta property=\"og:image\" content=\"https:\/\/cpc-sa.com\/wp-content\/uploads\/2021\/09\/CPC-Industrie-530-400.png\" \/>\n\t<meta property=\"og:image:width\" content=\"530\" \/>\n\t<meta property=\"og:image:height\" content=\"400\" \/>\n\t<meta property=\"og:image:type\" content=\"image\/png\" \/>\n<meta name=\"twitter:card\" content=\"summary_large_image\" \/>\n<meta name=\"twitter:label1\" content=\"Estimated reading time\" \/>\n\t<meta name=\"twitter:data1\" content=\"1 minute\" \/>\n<script type=\"application\/ld+json\" class=\"yoast-schema-graph\">{\"@context\":\"https:\\\/\\\/schema.org\",\"@graph\":[{\"@type\":\"WebPage\",\"@id\":\"https:\\\/\\\/cpc-sa.com\\\/nos-produits\\\/industries\\\/\",\"url\":\"https:\\\/\\\/cpc-sa.com\\\/nos-produits\\\/industries\\\/\",\"name\":\"L'industrie avec CPC - Des solutions adapt\u00e9es \u00e0 vos besoins\",\"isPartOf\":{\"@id\":\"https:\\\/\\\/cpc-sa.com\\\/#website\"},\"primaryImageOfPage\":{\"@id\":\"https:\\\/\\\/cpc-sa.com\\\/nos-produits\\\/industries\\\/#primaryimage\"},\"image\":{\"@id\":\"https:\\\/\\\/cpc-sa.com\\\/nos-produits\\\/industries\\\/#primaryimage\"},\"thumbnailUrl\":\"https:\\\/\\\/cpc-sa.com\\\/wp-content\\\/uploads\\\/2021\\\/09\\\/CPC-Industrie-530-400.png\",\"datePublished\":\"2021-09-01T16:03:26+00:00\",\"dateModified\":\"2024-09-11T13:27:55+00:00\",\"description\":\"Industries du verre, pap\u00e8teries, alimentaires, pharmaceutique, nombreux sont ceux qui font appel \u00e0 la chaux ou au carbonate de calcium\",\"breadcrumb\":{\"@id\":\"https:\\\/\\\/cpc-sa.com\\\/nos-produits\\\/industries\\\/#breadcrumb\"},\"inLanguage\":\"en-GB\",\"potentialAction\":[{\"@type\":\"ReadAction\",\"target\":[\"https:\\\/\\\/cpc-sa.com\\\/nos-produits\\\/industries\\\/\"]}]},{\"@type\":\"ImageObject\",\"inLanguage\":\"en-GB\",\"@id\":\"https:\\\/\\\/cpc-sa.com\\\/nos-produits\\\/industries\\\/#primaryimage\",\"url\":\"https:\\\/\\\/cpc-sa.com\\\/wp-content\\\/uploads\\\/2021\\\/09\\\/CPC-Industrie-530-400.png\",\"contentUrl\":\"https:\\\/\\\/cpc-sa.com\\\/wp-content\\\/uploads\\\/2021\\\/09\\\/CPC-Industrie-530-400.png\",\"width\":530,\"height\":400,\"caption\":\"Image de bouteilles pour illustrer l'industrie avec CPC - Compagnie des produits calcaires\"},{\"@type\":\"BreadcrumbList\",\"@id\":\"https:\\\/\\\/cpc-sa.com\\\/nos-produits\\\/industries\\\/#breadcrumb\",\"itemListElement\":[{\"@type\":\"ListItem\",\"position\":1,\"name\":\"Accueil\",\"item\":\"https:\\\/\\\/cpc-sa.com\\\/\"},{\"@type\":\"ListItem\",\"position\":2,\"name\":\"Nos produits\",\"item\":\"https:\\\/\\\/cpc-sa.com\\\/nos-produits\\\/\"},{\"@type\":\"ListItem\",\"position\":3,\"name\":\"Industrie\"}]},{\"@type\":\"WebSite\",\"@id\":\"https:\\\/\\\/cpc-sa.com\\\/#website\",\"url\":\"https:\\\/\\\/cpc-sa.com\\\/\",\"name\":\"CPC\",\"description\":\"Compagnie des produits calcaires\",\"publisher\":{\"@id\":\"https:\\\/\\\/cpc-sa.com\\\/#organization\"},\"potentialAction\":[{\"@type\":\"SearchAction\",\"target\":{\"@type\":\"EntryPoint\",\"urlTemplate\":\"https:\\\/\\\/cpc-sa.com\\\/?s={search_term_string}\"},\"query-input\":{\"@type\":\"PropertyValueSpecification\",\"valueRequired\":true,\"valueName\":\"search_term_string\"}}],\"inLanguage\":\"en-GB\"},{\"@type\":\"Organization\",\"@id\":\"https:\\\/\\\/cpc-sa.com\\\/#organization\",\"name\":\"CPC\",\"url\":\"https:\\\/\\\/cpc-sa.com\\\/\",\"logo\":{\"@type\":\"ImageObject\",\"inLanguage\":\"en-GB\",\"@id\":\"https:\\\/\\\/cpc-sa.com\\\/#\\\/schema\\\/logo\\\/image\\\/\",\"url\":\"https:\\\/\\\/cpc-sa.com\\\/wp-content\\\/uploads\\\/2021\\\/09\\\/logo-CPC.png\",\"contentUrl\":\"https:\\\/\\\/cpc-sa.com\\\/wp-content\\\/uploads\\\/2021\\\/09\\\/logo-CPC.png\",\"width\":500,\"height\":256,\"caption\":\"CPC\"},\"image\":{\"@id\":\"https:\\\/\\\/cpc-sa.com\\\/#\\\/schema\\\/logo\\\/image\\\/\"}}]}<\/script>\n<!-- \/ Yoast SEO plugin. -->","yoast_head_json":{"title":"L'industrie avec CPC - Des solutions adapt\u00e9es \u00e0 vos besoins","description":"Industries du verre, pap\u00e8teries, alimentaires, pharmaceutique, nombreux sont ceux qui font appel \u00e0 la chaux ou au carbonate de calcium","robots":{"index":"index","follow":"follow","max-snippet":"max-snippet:-1","max-image-preview":"max-image-preview:large","max-video-preview":"max-video-preview:-1"},"canonical":"https:\/\/cpc-sa.com\/en\/nos-produits\/industries\/","og_locale":"en_GB","og_type":"article","og_title":"L'industrie avec CPC - Des solutions adapt\u00e9es \u00e0 vos besoins","og_description":"Industries du verre, pap\u00e8teries, alimentaires, pharmaceutique, nombreux sont ceux qui font appel \u00e0 la chaux ou au carbonate de calcium","og_url":"https:\/\/cpc-sa.com\/en\/nos-produits\/industries\/","og_site_name":"CPC","article_modified_time":"2024-09-11T13:27:55+00:00","og_image":[{"width":530,"height":400,"url":"https:\/\/cpc-sa.com\/wp-content\/uploads\/2021\/09\/CPC-Industrie-530-400.png","type":"image\/png"}],"twitter_card":"summary_large_image","twitter_misc":{"Estimated reading time":"1 minute"},"schema":{"@context":"https:\/\/schema.org","@graph":[{"@type":"WebPage","@id":"https:\/\/cpc-sa.com\/nos-produits\/industries\/","url":"https:\/\/cpc-sa.com\/nos-produits\/industries\/","name":"L'industrie avec CPC - Des solutions adapt\u00e9es \u00e0 vos besoins","isPartOf":{"@id":"https:\/\/cpc-sa.com\/#website"},"primaryImageOfPage":{"@id":"https:\/\/cpc-sa.com\/nos-produits\/industries\/#primaryimage"},"image":{"@id":"https:\/\/cpc-sa.com\/nos-produits\/industries\/#primaryimage"},"thumbnailUrl":"https:\/\/cpc-sa.com\/wp-content\/uploads\/2021\/09\/CPC-Industrie-530-400.png","datePublished":"2021-09-01T16:03:26+00:00","dateModified":"2024-09-11T13:27:55+00:00","description":"Industries du verre, pap\u00e8teries, alimentaires, pharmaceutique, nombreux sont ceux qui font appel \u00e0 la chaux ou au carbonate de calcium","breadcrumb":{"@id":"https:\/\/cpc-sa.com\/nos-produits\/industries\/#breadcrumb"},"inLanguage":"en-GB","potentialAction":[{"@type":"ReadAction","target":["https:\/\/cpc-sa.com\/nos-produits\/industries\/"]}]},{"@type":"ImageObject","inLanguage":"en-GB","@id":"https:\/\/cpc-sa.com\/nos-produits\/industries\/#primaryimage","url":"https:\/\/cpc-sa.com\/wp-content\/uploads\/2021\/09\/CPC-Industrie-530-400.png","contentUrl":"https:\/\/cpc-sa.com\/wp-content\/uploads\/2021\/09\/CPC-Industrie-530-400.png","width":530,"height":400,"caption":"Image de bouteilles pour illustrer l'industrie avec CPC - Compagnie des produits calcaires"},{"@type":"BreadcrumbList","@id":"https:\/\/cpc-sa.com\/nos-produits\/industries\/#breadcrumb","itemListElement":[{"@type":"ListItem","position":1,"name":"Accueil","item":"https:\/\/cpc-sa.com\/"},{"@type":"ListItem","position":2,"name":"Nos produits","item":"https:\/\/cpc-sa.com\/nos-produits\/"},{"@type":"ListItem","position":3,"name":"Industrie"}]},{"@type":"WebSite","@id":"https:\/\/cpc-sa.com\/#website","url":"https:\/\/cpc-sa.com\/","name":"CPC","description":"Compagnie des produits calcaires","publisher":{"@id":"https:\/\/cpc-sa.com\/#organization"},"potentialAction":[{"@type":"SearchAction","target":{"@type":"EntryPoint","urlTemplate":"https:\/\/cpc-sa.com\/?s={search_term_string}"},"query-input":{"@type":"PropertyValueSpecification","valueRequired":true,"valueName":"search_term_string"}}],"inLanguage":"en-GB"},{"@type":"Organization","@id":"https:\/\/cpc-sa.com\/#organization","name":"CPC","url":"https:\/\/cpc-sa.com\/","logo":{"@type":"ImageObject","inLanguage":"en-GB","@id":"https:\/\/cpc-sa.com\/#\/schema\/logo\/image\/","url":"https:\/\/cpc-sa.com\/wp-content\/uploads\/2021\/09\/logo-CPC.png","contentUrl":"https:\/\/cpc-sa.com\/wp-content\/uploads\/2021\/09\/logo-CPC.png","width":500,"height":256,"caption":"CPC"},"image":{"@id":"https:\/\/cpc-sa.com\/#\/schema\/logo\/image\/"}}]}},"_links":{"self":[{"href":"https:\/\/cpc-sa.com\/en\/wp-json\/wp\/v2\/pages\/25","targetHints":{"allow":["GET"]}}],"collection":[{"href":"https:\/\/cpc-sa.com\/en\/wp-json\/wp\/v2\/pages"}],"about":[{"href":"https:\/\/cpc-sa.com\/en\/wp-json\/wp\/v2\/types\/page"}],"author":[{"embeddable":true,"href":"https:\/\/cpc-sa.com\/en\/wp-json\/wp\/v2\/users\/1"}],"replies":[{"embeddable":true,"href":"https:\/\/cpc-sa.com\/en\/wp-json\/wp\/v2\/comments?post=25"}],"version-history":[{"count":6,"href":"https:\/\/cpc-sa.com\/en\/wp-json\/wp\/v2\/pages\/25\/revisions"}],"predecessor-version":[{"id":2518,"href":"https:\/\/cpc-sa.com\/en\/wp-json\/wp\/v2\/pages\/25\/revisions\/2518"}],"up":[{"embeddable":true,"href":"https:\/\/cpc-sa.com\/en\/wp-json\/wp\/v2\/pages\/17"}],"wp:featuredmedia":[{"embeddable":true,"href":"https:\/\/cpc-sa.com\/en\/wp-json\/wp\/v2\/media\/749"}],"wp:attachment":[{"href":"https:\/\/cpc-sa.com\/en\/wp-json\/wp\/v2\/media?parent=25"}],"curies":[{"name":"wp","href":"https:\/\/api.w.org\/{rel}","templated":true}]}}